{"id":30167,"date":"2017-04-02T10:57:49","date_gmt":"2017-04-02T10:57:49","guid":{"rendered":"https:\/\/www.futbolmarbella.com\/campus-ii-2005\/"},"modified":"2017-04-02T10:57:49","modified_gmt":"2017-04-02T10:57:49","slug":"campus-ii-2005","status":"publish","type":"page","link":"https:\/\/www.futbolmarbella.com\/en\/campus-ii-2005\/","title":{"rendered":"Campus II &#8211; 2005"},"content":{"rendered":"<p>[et_pb_section admin_label=&#8221;section&#8221; transparent_background=&#8221;off&#8221; allow_player_pause=&#8221;off&#8221; inner_shadow=&#8221;off&#8221; parallax=&#8221;off&#8221; parallax_method=&#8221;on&#8221; custom_padding=&#8221;0px|0px|0px|0px&#8221; make_fullwidth=&#8221;off&#8221; use_custom_width=&#8221;off&#8221; width_unit=&#8221;off&#8221; custom_width_px=&#8221;1080px&#8221; custom_width_percent=&#8221;80%&#8221; make_equal=&#8221;off&#8221; use_custom_gutter=&#8221;off&#8221; fullwidth=&#8221;on&#8221; specialty=&#8221;off&#8221; disabled=&#8221;off&#8221;][et_pb_fullwidth_slider admin_label=&#8221;Fullwidth Slider&#8221; show_arrows=&#8221;off&#8221; show_pagination=&#8221;off&#8221; auto=&#8221;off&#8221; auto_speed=&#8221;7000&#8243; auto_ignore_hover=&#8221;off&#8221; parallax=&#8221;on&#8221; parallax_method=&#8221;on&#8221; remove_inner_shadow=&#8221;off&#8221; background_position=&#8221;default&#8221; background_size=&#8221;default&#8221; hide_content_on_mobile=&#8221;off&#8221; hide_cta_on_mobile=&#8221;off&#8221; show_image_video_mobile=&#8221;off&#8221; custom_button=&#8221;off&#8221; button_letter_spacing=&#8221;0&#8243; button_use_icon=&#8221;on&#8221; button_icon_placement=&#8221;right&#8221; button_on_hover=&#8221;on&#8221; button_letter_spacing_hover=&#8221;0&#8243; disabled=&#8221;off&#8221;] [et_pb_slide heading=&#8221;Campus II July 2005&#8243; button_link=&#8221;#&#8221; background_image=&#8221;https:\/\/www.futbolmarbella.com\/wp-content\/uploads\/2017\/01\/fondo_MPF.jpg&#8221; background_position=&#8221;top_left&#8221; background_size=&#8221;default&#8221; background_color=&#8221;#ffffff&#8221; use_bg_overlay=&#8221;on&#8221; use_text_overlay=&#8221;off&#8221; alignment=&#8221;center&#8221; background_layout=&#8221;dark&#8221; allow_player_pause=&#8221;off&#8221; text_border_radius=&#8221;3&#8243; header_font=&#8221;||||&#8221; body_font=&#8221;||||&#8221; custom_button=&#8221;off&#8221; button_font=&#8221;||||&#8221; button_use_icon=&#8221;default&#8221; button_icon_placement=&#8221;right&#8221; button_on_hover=&#8221;on&#8221; disabled=&#8221;off&#8221; header_font_select=&#8221;default&#8221; body_font_select=&#8221;default&#8221; button_font_select=&#8221;default&#8221;] [\/et_pb_slide] [\/et_pb_fullwidth_slider][\/et_pb_section][et_pb_section admin_label=&#8221;section&#8221;][et_pb_row admin_label=&#8221;row&#8221; make_fullwidth=&#8221;off&#8221; use_custom_width=&#8221;off&#8221; width_unit=&#8221;on&#8221; use_custom_gutter=&#8221;on&#8221; gutter_width=&#8221;2&#8243; allow_player_pause=&#8221;off&#8221; parallax=&#8221;off&#8221; parallax_method=&#8221;off&#8221; make_equal=&#8221;off&#8221; parallax_1=&#8221;off&#8221; parallax_method_1=&#8221;off&#8221;][et_pb_column type=&#8221;4_4&#8243;][et_pb_text admin_label=&#8221;Texto&#8221; background_layout=&#8221;light&#8221; text_orientation=&#8221;left&#8221; use_border_color=&#8221;off&#8221; border_color=&#8221;#ffffff&#8221; border_style=&#8221;solid&#8221;]More than one hundred boys between the ages of 8 and 15 participated from July 22 to 31 at the II Campus of Football and Adventure Marbella 2005 held at the facilities of MPF (Marbella Paradaise Football).<\/p>\n<p>Vicente del Bosque, accompanied by his inseparable Toni Grande, and Fabio Capello, two of the best coaches in the world, winners of a multitude of titles and competitions were present at the MPF facilities to share a day with the participants, who showed their knowledge Of football and its lack of confidence and boldness when asking questions committed to the guests. At the same time, both Capello and Del Bosque showed, with much affection and kindness, some of their best teachings, and they have led them to train players of the world-class of Zidane, Ronaldo, Van Basten, Baresi, Roberto Carlos, Ra\u00fal &#8230; Two authentic soccer symbols and banners that delighted both young and old. Without forgetting another great, Gabriel Humberto Calder\u00f3n, former Argentine player and who has been one of the greatest players of the Real Betis Balompi\u00e9, and current coach of Saudi Arabia, selection classified for World-wide the 2006 to celebrate in Germany and that during a morning transmitted To the young aspects of football&#8217;s past and present.<\/p>\n<p>If we add the quality of exjugadores and players present: Jaime Molina (Numancia), Rafael Mart\u00edn V\u00e1zquez (Real Madrid and Deportivo, among others), Paco G\u00e9mez (Rayo, Deportivo and Zaragoza), Julio Llorente (Real Madrid and Tenerife) , Santi Arag\u00f3n (Real Madrid and Zaragoza), Fran (Deportivo de la Coru\u00f1a), Sebasti\u00e1n Losada (Real Madrid, Spanish and Athletic), along with one of the Campus directors, former international player Adolfo Aldana (Real Madrid, Deportivo y Spanish) complete a poster difficult to overcome and that make this Campus one of the referents within our country. The boys have been able to see how big names in professional football have helped to correct technical aspects, especially, in addition to receiving a sustained teaching in the collective sense of football with methods based on football intelligence.[\/et_pb_text][et_pb_gallery admin_label=&#8221;Galer\u00eda&#8221; fullwidth=&#8221;off&#8221; posts_number=&#8221;12&#8243; show_title_and_caption=&#8221;off&#8221; show_pagination=&#8221;on&#8221; background_layout=&#8221;light&#8221; auto=&#8221;off&#8221; hover_overlay_color=&#8221;rgba(255,255,255,0.9)&#8221; use_border_color=&#8221;off&#8221; border_color=&#8221;#ffffff&#8221; border_style=&#8221;solid&#8221; gallery_ids=&#8221;29032,29033,29034,29035,29036,29037,29038,29039,29040,29041,29042,29043,29044,29045,29046,29047,29048,29049,29050,29051,29052,29053,29054,29055,29056,29057,29058,29059,29060,29061,29062,29063,29064,29065,29066,29067,29068,29069,29070,29071,29072,29073,29074,29075,29076,29077,29078,29079,29080,29081,29082,29083,29084,29085,29086,29087,29088,29089,29090,29091,29092,29093,29094,29095,29096,29097,29098,29099,29100,29101,29102,29103,29104,29105,29106,29107,29108,29109,29110,29111,29112,29113,29114,29115,29116,29117,29118,29119,29120,29121,29122,29123,29124,29125,29126,29127,29128,29129,29130,29131,29132,29133,29134,29135,29136,29137,29138,29139,29140,29141,29142,29143,29144,29145,29146,29147,29148,29149,29150,29151,29152,29153,29154,29155,29156,29157,29158,29159,29160,29161,29162,29163,29164,29165,29166,29167,29168,29169,29170,29171,29172,29173,29174,29175,29176,29177,29178,29179,29180,29181,29182,29183,29184,29185,29186,29187,29188,29189,29190,29191,29192,29193,29194,29195,29196,29197,29198,29199,29200&#8243;] [\/et_pb_gallery][\/et_pb_column][\/et_pb_row][\/et_pb_section]<\/p>\n","protected":false},"excerpt":{"rendered":"<p>More than one hundred boys between the ages of 8 and 15 participated from July 22 to 31 at the II Campus of Football and Adventure Marbella 2005 held at the facilities of MPF (Marbella Paradaise Football). Vicente del Bosque, accompanied by his inseparable Toni Grande, and Fabio Capello, two of the best coaches in [&hellip;]<\/p>\n","protected":false},"author":1,"featured_media":0,"parent":0,"menu_order":0,"comment_status":"closed","ping_status":"closed","template":"","meta":{"_et_pb_use_builder":"on","_et_pb_old_content":"","_et_gb_content_width":"","_monsterinsights_skip_tracking":false,"_monsterinsights_sitenote_active":false,"_monsterinsights_sitenote_note":"","_monsterinsights_sitenote_category":0,"footnotes":""},"class_list":["post-30167","page","type-page","status-publish","hentry"],"yoast_head":"<!-- This site is optimized with the Yoast SEO plugin v27.0 - https:\/\/yoast.com\/product\/yoast-seo-wordpress\/ -->\n<title>Campus II - 2005 - Campus de Futbol Marbella<\/title>\n<meta name=\"robots\" content=\"index, follow, max-snippet:-1, max-image-preview:large, max-video-preview:-1\" \/>\n<link rel=\"canonical\" href=\"https:\/\/www.futbolmarbella.com\/en\/campus-ii-2005\/\" \/>\n<meta property=\"og:locale\" content=\"en_US\" \/>\n<meta property=\"og:type\" content=\"article\" \/>\n<meta property=\"og:title\" content=\"Campus II - 2005 - Campus de Futbol Marbella\" \/>\n<meta property=\"og:description\" content=\"More than one hundred boys between the ages of 8 and 15 participated from July 22 to 31 at the II Campus of Football and Adventure Marbella 2005 held at the facilities of MPF (Marbella Paradaise Football). Vicente del Bosque, accompanied by his inseparable Toni Grande, and Fabio Capello, two of the best coaches in [&hellip;]\" \/>\n<meta property=\"og:url\" content=\"https:\/\/www.futbolmarbella.com\/en\/campus-ii-2005\/\" \/>\n<meta property=\"og:site_name\" content=\"Campus de Futbol Marbella\" \/>\n<meta property=\"article:publisher\" content=\"https:\/\/www.facebook.com\/Campus-de-F%c3%batbol-Marbella-136259636436216\/?fref=ts\" \/>\n<meta name=\"twitter:card\" content=\"summary_large_image\" \/>\n<meta name=\"twitter:site\" content=\"@CampusMarbella\" \/>\n<meta name=\"twitter:label1\" content=\"Est. reading time\" \/>\n\t<meta name=\"twitter:data1\" content=\"3 minutes\" \/>\n<script type=\"application\/ld+json\" class=\"yoast-schema-graph\">{\"@context\":\"https:\/\/schema.org\",\"@graph\":[{\"@type\":\"WebPage\",\"@id\":\"https:\/\/www.futbolmarbella.com\/en\/campus-ii-2005\/\",\"url\":\"https:\/\/www.futbolmarbella.com\/en\/campus-ii-2005\/\",\"name\":\"Campus II - 2005 - Campus de Futbol Marbella\",\"isPartOf\":{\"@id\":\"https:\/\/www.futbolmarbella.com\/en\/#website\"},\"datePublished\":\"2017-04-02T10:57:49+00:00\",\"breadcrumb\":{\"@id\":\"https:\/\/www.futbolmarbella.com\/en\/campus-ii-2005\/#breadcrumb\"},\"inLanguage\":\"en-US\",\"potentialAction\":[{\"@type\":\"ReadAction\",\"target\":[\"https:\/\/www.futbolmarbella.com\/en\/campus-ii-2005\/\"]}]},{\"@type\":\"BreadcrumbList\",\"@id\":\"https:\/\/www.futbolmarbella.com\/en\/campus-ii-2005\/#breadcrumb\",\"itemListElement\":[{\"@type\":\"ListItem\",\"position\":1,\"name\":\"Portada\",\"item\":\"https:\/\/www.futbolmarbella.com\/en\/\"},{\"@type\":\"ListItem\",\"position\":2,\"name\":\"Campus II &#8211; 2005\"}]},{\"@type\":\"WebSite\",\"@id\":\"https:\/\/www.futbolmarbella.com\/en\/#website\",\"url\":\"https:\/\/www.futbolmarbella.com\/en\/\",\"name\":\"Campus de Futbol Marbella\",\"description\":\"\",\"publisher\":{\"@id\":\"https:\/\/www.futbolmarbella.com\/en\/#organization\"},\"potentialAction\":[{\"@type\":\"SearchAction\",\"target\":{\"@type\":\"EntryPoint\",\"urlTemplate\":\"https:\/\/www.futbolmarbella.com\/en\/?s={search_term_string}\"},\"query-input\":{\"@type\":\"PropertyValueSpecification\",\"valueRequired\":true,\"valueName\":\"search_term_string\"}}],\"inLanguage\":\"en-US\"},{\"@type\":\"Organization\",\"@id\":\"https:\/\/www.futbolmarbella.com\/en\/#organization\",\"name\":\"Campus de Futbol Marbella\",\"url\":\"https:\/\/www.futbolmarbella.com\/en\/\",\"logo\":{\"@type\":\"ImageObject\",\"inLanguage\":\"en-US\",\"@id\":\"https:\/\/www.futbolmarbella.com\/en\/#\/schema\/logo\/image\/\",\"url\":\"https:\/\/www.futbolmarbella.com\/wp-content\/uploads\/2017\/01\/logo_campus-futbol-marbella.png\",\"contentUrl\":\"https:\/\/www.futbolmarbella.com\/wp-content\/uploads\/2017\/01\/logo_campus-futbol-marbella.png\",\"width\":218,\"height\":187,\"caption\":\"Campus de Futbol Marbella\"},\"image\":{\"@id\":\"https:\/\/www.futbolmarbella.com\/en\/#\/schema\/logo\/image\/\"},\"sameAs\":[\"https:\/\/www.facebook.com\/Campus-de-F\u00fatbol-Marbella-136259636436216\/?fref=ts\",\"https:\/\/x.com\/CampusMarbella\",\"https:\/\/www.youtube.com\/user\/futbolmarbella\"]}]}<\/script>\n<!-- \/ Yoast SEO plugin. -->","yoast_head_json":{"title":"Campus II - 2005 - Campus de Futbol Marbella","robots":{"index":"index","follow":"follow","max-snippet":"max-snippet:-1","max-image-preview":"max-image-preview:large","max-video-preview":"max-video-preview:-1"},"canonical":"https:\/\/www.futbolmarbella.com\/en\/campus-ii-2005\/","og_locale":"en_US","og_type":"article","og_title":"Campus II - 2005 - Campus de Futbol Marbella","og_description":"More than one hundred boys between the ages of 8 and 15 participated from July 22 to 31 at the II Campus of Football and Adventure Marbella 2005 held at the facilities of MPF (Marbella Paradaise Football). Vicente del Bosque, accompanied by his inseparable Toni Grande, and Fabio Capello, two of the best coaches in [&hellip;]","og_url":"https:\/\/www.futbolmarbella.com\/en\/campus-ii-2005\/","og_site_name":"Campus de Futbol Marbella","article_publisher":"https:\/\/www.facebook.com\/Campus-de-F%c3%batbol-Marbella-136259636436216\/?fref=ts","twitter_card":"summary_large_image","twitter_site":"@CampusMarbella","twitter_misc":{"Est. reading time":"3 minutes"},"schema":{"@context":"https:\/\/schema.org","@graph":[{"@type":"WebPage","@id":"https:\/\/www.futbolmarbella.com\/en\/campus-ii-2005\/","url":"https:\/\/www.futbolmarbella.com\/en\/campus-ii-2005\/","name":"Campus II - 2005 - Campus de Futbol Marbella","isPartOf":{"@id":"https:\/\/www.futbolmarbella.com\/en\/#website"},"datePublished":"2017-04-02T10:57:49+00:00","breadcrumb":{"@id":"https:\/\/www.futbolmarbella.com\/en\/campus-ii-2005\/#breadcrumb"},"inLanguage":"en-US","potentialAction":[{"@type":"ReadAction","target":["https:\/\/www.futbolmarbella.com\/en\/campus-ii-2005\/"]}]},{"@type":"BreadcrumbList","@id":"https:\/\/www.futbolmarbella.com\/en\/campus-ii-2005\/#breadcrumb","itemListElement":[{"@type":"ListItem","position":1,"name":"Portada","item":"https:\/\/www.futbolmarbella.com\/en\/"},{"@type":"ListItem","position":2,"name":"Campus II &#8211; 2005"}]},{"@type":"WebSite","@id":"https:\/\/www.futbolmarbella.com\/en\/#website","url":"https:\/\/www.futbolmarbella.com\/en\/","name":"Campus de Futbol Marbella","description":"","publisher":{"@id":"https:\/\/www.futbolmarbella.com\/en\/#organization"},"potentialAction":[{"@type":"SearchAction","target":{"@type":"EntryPoint","urlTemplate":"https:\/\/www.futbolmarbella.com\/en\/?s={search_term_string}"},"query-input":{"@type":"PropertyValueSpecification","valueRequired":true,"valueName":"search_term_string"}}],"inLanguage":"en-US"},{"@type":"Organization","@id":"https:\/\/www.futbolmarbella.com\/en\/#organization","name":"Campus de Futbol Marbella","url":"https:\/\/www.futbolmarbella.com\/en\/","logo":{"@type":"ImageObject","inLanguage":"en-US","@id":"https:\/\/www.futbolmarbella.com\/en\/#\/schema\/logo\/image\/","url":"https:\/\/www.futbolmarbella.com\/wp-content\/uploads\/2017\/01\/logo_campus-futbol-marbella.png","contentUrl":"https:\/\/www.futbolmarbella.com\/wp-content\/uploads\/2017\/01\/logo_campus-futbol-marbella.png","width":218,"height":187,"caption":"Campus de Futbol Marbella"},"image":{"@id":"https:\/\/www.futbolmarbella.com\/en\/#\/schema\/logo\/image\/"},"sameAs":["https:\/\/www.facebook.com\/Campus-de-F\u00fatbol-Marbella-136259636436216\/?fref=ts","https:\/\/x.com\/CampusMarbella","https:\/\/www.youtube.com\/user\/futbolmarbella"]}]}},"_links":{"self":[{"href":"https:\/\/www.futbolmarbella.com\/en\/wp-json\/wp\/v2\/pages\/30167","targetHints":{"allow":["GET"]}}],"collection":[{"href":"https:\/\/www.futbolmarbella.com\/en\/wp-json\/wp\/v2\/pages"}],"about":[{"href":"https:\/\/www.futbolmarbella.com\/en\/wp-json\/wp\/v2\/types\/page"}],"author":[{"embeddable":true,"href":"https:\/\/www.futbolmarbella.com\/en\/wp-json\/wp\/v2\/users\/1"}],"replies":[{"embeddable":true,"href":"https:\/\/www.futbolmarbella.com\/en\/wp-json\/wp\/v2\/comments?post=30167"}],"version-history":[{"count":2,"href":"https:\/\/www.futbolmarbella.com\/en\/wp-json\/wp\/v2\/pages\/30167\/revisions"}],"predecessor-version":[{"id":30169,"href":"https:\/\/www.futbolmarbella.com\/en\/wp-json\/wp\/v2\/pages\/30167\/revisions\/30169"}],"wp:attachment":[{"href":"https:\/\/www.futbolmarbella.com\/en\/wp-json\/wp\/v2\/media?parent=30167"}],"curies":[{"name":"wp","href":"https:\/\/api.w.org\/{rel}","templated":true}]}}